{"id":8622,"date":"2024-10-09T01:10:11","date_gmt":"2024-10-09T01:10:11","guid":{"rendered":"https:\/\/ferromedica.com.ec\/?post_type=product&#038;p=8622"},"modified":"2024-10-09T01:11:17","modified_gmt":"2024-10-09T01:11:17","slug":"botiquin","status":"publish","type":"product","link":"https:\/\/ferromedica.com.ec\/es_mx\/product\/botiquin\/","title":{"rendered":"BOTIQUIN"},"content":{"rendered":"<p><b>Dimensiones Generales: <\/b>Alto 530 mm; ancho 800 mm; profundidad 300 mm.<\/p>\n<ul>\n<li>Estructura: Fabricada en l\u00e1mina de acero ASTM A36 espesor 0.70 mm.<\/li>\n<li>Troquelado posterior para f\u00e1cil ubicaci\u00f3n en la pared.<\/li>\n<li>Repisas: Dos (2) repisas interiores de l\u00e1mina de acero ASTM A36 espesor 0.70 mm, con regulaci\u00f3n de altura y\/o desmontables.<\/li>\n<li>Puertas: Dos (2) puertas de apertura abatible fijadas por 2 bisagras de acero reforzado de 1 \u00bd de pulgada.<\/li>\n<li>Vidrio claro de 3mm de espesor, protegido por un marco de l\u00e1mina de acero ASTM A36 espesor 0.70 mm.<\/li>\n<li>Seguridad: Dispone de cerradura de giro 90\u00b0 centralizada.<\/li>\n<\/ul>\n<p><b>Acabados:<\/b><\/p>\n<p>Uniones: Ensamble realizado mediante proceso de soldadura MIG.<\/p>\n<p>Pintura: Recubrimiento mediante aplicaci\u00f3n de pintura en polvo sistema electrost\u00e1tico<\/p>","protected":false},"excerpt":{"rendered":"<p>Dimensiones Generales: Alto 530 mm; ancho 800 mm; profundidad 300 mm. Estructura: Fabricada en l\u00e1mina de acero ASTM A36 espesor 0.70 mm. Troquelado posterior para f\u00e1cil ubicaci\u00f3n en la pared. Repisas: Dos (2) repisas interiores de l\u00e1mina de acero ASTM A36 espesor 0.70 mm, con regulaci\u00f3n de altura y\/o desmontables. Puertas: Dos (2) puertas de &hellip; <a href=\"https:\/\/ferromedica.com.ec\/es_mx\/product\/botiquin\/\" class=\"more-link\">Continue reading <span class=\"screen-reader-text\">BOTIQUIN<\/span><\/a><\/p>","protected":false},"featured_media":8623,"comment_status":"open","ping_status":"closed","template":"","meta":{"content-type":""},"product_brand":[],"product_cat":[111],"product_tag":[],"class_list":{"0":"post-8622","1":"product","2":"type-product","3":"status-publish","4":"has-post-thumbnail","6":"product_cat-equipos-medicos-basicos","9":"instock","10":"shipping-taxable","11":"purchasable","12":"product-type-simple"},"yoast_head":"<!-- This site is optimized with the Yoast SEO plugin v27.4 - https:\/\/yoast.com\/product\/yoast-seo-wordpress\/ -->\n<title>BOTIQUIN - Ferromedica<\/title>\n<meta name=\"robots\" content=\"index, follow, max-snippet:-1, max-image-preview:large, max-video-preview:-1\" \/>\n<link rel=\"canonical\" href=\"https:\/\/ferromedica.com.ec\/es_mx\/product\/botiquin\/\" \/>\n<meta property=\"og:locale\" content=\"es_MX\" \/>\n<meta property=\"og:type\" content=\"article\" \/>\n<meta property=\"og:title\" content=\"BOTIQUIN - Ferromedica\" \/>\n<meta property=\"og:description\" content=\"Dimensiones Generales: Alto 530 mm; ancho 800 mm; profundidad 300 mm. Estructura: Fabricada en l\u00e1mina de acero ASTM A36 espesor 0.70 mm. Troquelado posterior para f\u00e1cil ubicaci\u00f3n en la pared. Repisas: Dos (2) repisas interiores de l\u00e1mina de acero ASTM A36 espesor 0.70 mm, con regulaci\u00f3n de altura y\/o desmontables. Puertas: Dos (2) puertas de &hellip; Continue reading BOTIQUIN\" \/>\n<meta property=\"og:url\" content=\"https:\/\/ferromedica.com.ec\/es_mx\/product\/botiquin\/\" \/>\n<meta property=\"og:site_name\" content=\"Ferromedica\" \/>\n<meta property=\"article:modified_time\" content=\"2024-10-09T01:11:17+00:00\" \/>\n<meta property=\"og:image\" content=\"https:\/\/ferromedica.com.ec\/wp-content\/uploads\/2024\/10\/BOTIQUIN.png\" \/>\n\t<meta property=\"og:image:width\" content=\"1080\" \/>\n\t<meta property=\"og:image:height\" content=\"1080\" \/>\n\t<meta property=\"og:image:type\" content=\"image\/png\" \/>\n<meta name=\"twitter:card\" content=\"summary_large_image\" \/>\n<meta name=\"twitter:label1\" content=\"Tiempo de lectura\" \/>\n\t<meta name=\"twitter:data1\" content=\"1 minuto\" \/>\n<script type=\"application\/ld+json\" class=\"yoast-schema-graph\">{\"@context\":\"https:\\\/\\\/schema.org\",\"@graph\":[{\"@type\":\"WebPage\",\"@id\":\"https:\\\/\\\/ferromedica.com.ec\\\/product\\\/botiquin\\\/\",\"url\":\"https:\\\/\\\/ferromedica.com.ec\\\/product\\\/botiquin\\\/\",\"name\":\"BOTIQUIN - Ferromedica\",\"isPartOf\":{\"@id\":\"https:\\\/\\\/ferromedica.com.ec\\\/#website\"},\"primaryImageOfPage\":{\"@id\":\"https:\\\/\\\/ferromedica.com.ec\\\/product\\\/botiquin\\\/#primaryimage\"},\"image\":{\"@id\":\"https:\\\/\\\/ferromedica.com.ec\\\/product\\\/botiquin\\\/#primaryimage\"},\"thumbnailUrl\":\"https:\\\/\\\/ferromedica.com.ec\\\/wp-content\\\/uploads\\\/2024\\\/10\\\/BOTIQUIN.png\",\"datePublished\":\"2024-10-09T01:10:11+00:00\",\"dateModified\":\"2024-10-09T01:11:17+00:00\",\"breadcrumb\":{\"@id\":\"https:\\\/\\\/ferromedica.com.ec\\\/product\\\/botiquin\\\/#breadcrumb\"},\"inLanguage\":\"es\",\"potentialAction\":[{\"@type\":\"ReadAction\",\"target\":[\"https:\\\/\\\/ferromedica.com.ec\\\/product\\\/botiquin\\\/\"]}]},{\"@type\":\"ImageObject\",\"inLanguage\":\"es\",\"@id\":\"https:\\\/\\\/ferromedica.com.ec\\\/product\\\/botiquin\\\/#primaryimage\",\"url\":\"https:\\\/\\\/ferromedica.com.ec\\\/wp-content\\\/uploads\\\/2024\\\/10\\\/BOTIQUIN.png\",\"contentUrl\":\"https:\\\/\\\/ferromedica.com.ec\\\/wp-content\\\/uploads\\\/2024\\\/10\\\/BOTIQUIN.png\",\"width\":1080,\"height\":1080},{\"@type\":\"BreadcrumbList\",\"@id\":\"https:\\\/\\\/ferromedica.com.ec\\\/product\\\/botiquin\\\/#breadcrumb\",\"itemListElement\":[{\"@type\":\"ListItem\",\"position\":1,\"name\":\"Portada\",\"item\":\"https:\\\/\\\/ferromedica.com.ec\\\/\"},{\"@type\":\"ListItem\",\"position\":2,\"name\":\"Productos\",\"item\":\"https:\\\/\\\/ferromedica.com.ec\\\/productos\\\/\"},{\"@type\":\"ListItem\",\"position\":3,\"name\":\"BOTIQUIN\"}]},{\"@type\":\"WebSite\",\"@id\":\"https:\\\/\\\/ferromedica.com.ec\\\/#website\",\"url\":\"https:\\\/\\\/ferromedica.com.ec\\\/\",\"name\":\"Ferromedica\",\"description\":\"Una Empresa Orgullosamente Ecuatoriana\",\"publisher\":{\"@id\":\"https:\\\/\\\/ferromedica.com.ec\\\/#organization\"},\"potentialAction\":[{\"@type\":\"SearchAction\",\"target\":{\"@type\":\"EntryPoint\",\"urlTemplate\":\"https:\\\/\\\/ferromedica.com.ec\\\/?s={search_term_string}\"},\"query-input\":{\"@type\":\"PropertyValueSpecification\",\"valueRequired\":true,\"valueName\":\"search_term_string\"}}],\"inLanguage\":\"es\"},{\"@type\":\"Organization\",\"@id\":\"https:\\\/\\\/ferromedica.com.ec\\\/#organization\",\"name\":\"Ferromedica\",\"url\":\"https:\\\/\\\/ferromedica.com.ec\\\/\",\"logo\":{\"@type\":\"ImageObject\",\"inLanguage\":\"es\",\"@id\":\"https:\\\/\\\/ferromedica.com.ec\\\/#\\\/schema\\\/logo\\\/image\\\/\",\"url\":\"https:\\\/\\\/ferromedica.com.ec\\\/wp-content\\\/uploads\\\/2024\\\/07\\\/LOGOWEB-02-1.png\",\"contentUrl\":\"https:\\\/\\\/ferromedica.com.ec\\\/wp-content\\\/uploads\\\/2024\\\/07\\\/LOGOWEB-02-1.png\",\"width\":512,\"height\":124,\"caption\":\"Ferromedica\"},\"image\":{\"@id\":\"https:\\\/\\\/ferromedica.com.ec\\\/#\\\/schema\\\/logo\\\/image\\\/\"}}]}<\/script>\n<!-- \/ Yoast SEO plugin. -->","yoast_head_json":{"title":"BOTIQUIN - Ferromedica","robots":{"index":"index","follow":"follow","max-snippet":"max-snippet:-1","max-image-preview":"max-image-preview:large","max-video-preview":"max-video-preview:-1"},"canonical":"https:\/\/ferromedica.com.ec\/es_mx\/product\/botiquin\/","og_locale":"es_MX","og_type":"article","og_title":"BOTIQUIN - Ferromedica","og_description":"Dimensiones Generales: Alto 530 mm; ancho 800 mm; profundidad 300 mm. Estructura: Fabricada en l\u00e1mina de acero ASTM A36 espesor 0.70 mm. Troquelado posterior para f\u00e1cil ubicaci\u00f3n en la pared. Repisas: Dos (2) repisas interiores de l\u00e1mina de acero ASTM A36 espesor 0.70 mm, con regulaci\u00f3n de altura y\/o desmontables. Puertas: Dos (2) puertas de &hellip; Continue reading BOTIQUIN","og_url":"https:\/\/ferromedica.com.ec\/es_mx\/product\/botiquin\/","og_site_name":"Ferromedica","article_modified_time":"2024-10-09T01:11:17+00:00","og_image":[{"width":1080,"height":1080,"url":"https:\/\/ferromedica.com.ec\/wp-content\/uploads\/2024\/10\/BOTIQUIN.png","type":"image\/png"}],"twitter_card":"summary_large_image","twitter_misc":{"Tiempo de lectura":"1 minuto"},"schema":{"@context":"https:\/\/schema.org","@graph":[{"@type":"WebPage","@id":"https:\/\/ferromedica.com.ec\/product\/botiquin\/","url":"https:\/\/ferromedica.com.ec\/product\/botiquin\/","name":"BOTIQUIN - Ferromedica","isPartOf":{"@id":"https:\/\/ferromedica.com.ec\/#website"},"primaryImageOfPage":{"@id":"https:\/\/ferromedica.com.ec\/product\/botiquin\/#primaryimage"},"image":{"@id":"https:\/\/ferromedica.com.ec\/product\/botiquin\/#primaryimage"},"thumbnailUrl":"https:\/\/ferromedica.com.ec\/wp-content\/uploads\/2024\/10\/BOTIQUIN.png","datePublished":"2024-10-09T01:10:11+00:00","dateModified":"2024-10-09T01:11:17+00:00","breadcrumb":{"@id":"https:\/\/ferromedica.com.ec\/product\/botiquin\/#breadcrumb"},"inLanguage":"es","potentialAction":[{"@type":"ReadAction","target":["https:\/\/ferromedica.com.ec\/product\/botiquin\/"]}]},{"@type":"ImageObject","inLanguage":"es","@id":"https:\/\/ferromedica.com.ec\/product\/botiquin\/#primaryimage","url":"https:\/\/ferromedica.com.ec\/wp-content\/uploads\/2024\/10\/BOTIQUIN.png","contentUrl":"https:\/\/ferromedica.com.ec\/wp-content\/uploads\/2024\/10\/BOTIQUIN.png","width":1080,"height":1080},{"@type":"BreadcrumbList","@id":"https:\/\/ferromedica.com.ec\/product\/botiquin\/#breadcrumb","itemListElement":[{"@type":"ListItem","position":1,"name":"Portada","item":"https:\/\/ferromedica.com.ec\/"},{"@type":"ListItem","position":2,"name":"Productos","item":"https:\/\/ferromedica.com.ec\/productos\/"},{"@type":"ListItem","position":3,"name":"BOTIQUIN"}]},{"@type":"WebSite","@id":"https:\/\/ferromedica.com.ec\/#website","url":"https:\/\/ferromedica.com.ec\/","name":"Ferromedica","description":"Una Empresa Orgullosamente Ecuatoriana","publisher":{"@id":"https:\/\/ferromedica.com.ec\/#organization"},"potentialAction":[{"@type":"SearchAction","target":{"@type":"EntryPoint","urlTemplate":"https:\/\/ferromedica.com.ec\/?s={search_term_string}"},"query-input":{"@type":"PropertyValueSpecification","valueRequired":true,"valueName":"search_term_string"}}],"inLanguage":"es"},{"@type":"Organization","@id":"https:\/\/ferromedica.com.ec\/#organization","name":"Ferromedica","url":"https:\/\/ferromedica.com.ec\/","logo":{"@type":"ImageObject","inLanguage":"es","@id":"https:\/\/ferromedica.com.ec\/#\/schema\/logo\/image\/","url":"https:\/\/ferromedica.com.ec\/wp-content\/uploads\/2024\/07\/LOGOWEB-02-1.png","contentUrl":"https:\/\/ferromedica.com.ec\/wp-content\/uploads\/2024\/07\/LOGOWEB-02-1.png","width":512,"height":124,"caption":"Ferromedica"},"image":{"@id":"https:\/\/ferromedica.com.ec\/#\/schema\/logo\/image\/"}}]}},"_links":{"self":[{"href":"https:\/\/ferromedica.com.ec\/es_mx\/wp-json\/wp\/v2\/product\/8622","targetHints":{"allow":["GET"]}}],"collection":[{"href":"https:\/\/ferromedica.com.ec\/es_mx\/wp-json\/wp\/v2\/product"}],"about":[{"href":"https:\/\/ferromedica.com.ec\/es_mx\/wp-json\/wp\/v2\/types\/product"}],"replies":[{"embeddable":true,"href":"https:\/\/ferromedica.com.ec\/es_mx\/wp-json\/wp\/v2\/comments?post=8622"}],"version-history":[{"count":1,"href":"https:\/\/ferromedica.com.ec\/es_mx\/wp-json\/wp\/v2\/product\/8622\/revisions"}],"predecessor-version":[{"id":8624,"href":"https:\/\/ferromedica.com.ec\/es_mx\/wp-json\/wp\/v2\/product\/8622\/revisions\/8624"}],"wp:featuredmedia":[{"embeddable":true,"href":"https:\/\/ferromedica.com.ec\/es_mx\/wp-json\/wp\/v2\/media\/8623"}],"wp:attachment":[{"href":"https:\/\/ferromedica.com.ec\/es_mx\/wp-json\/wp\/v2\/media?parent=8622"}],"wp:term":[{"taxonomy":"product_brand","embeddable":true,"href":"https:\/\/ferromedica.com.ec\/es_mx\/wp-json\/wp\/v2\/product_brand?post=8622"},{"taxonomy":"product_cat","embeddable":true,"href":"https:\/\/ferromedica.com.ec\/es_mx\/wp-json\/wp\/v2\/product_cat?post=8622"},{"taxonomy":"product_tag","embeddable":true,"href":"https:\/\/ferromedica.com.ec\/es_mx\/wp-json\/wp\/v2\/product_tag?post=8622"}],"curies":[{"name":"wp","href":"https:\/\/api.w.org\/{rel}","templated":true}]}}