{"id":8625,"date":"2024-10-09T01:11:34","date_gmt":"2024-10-09T01:11:34","guid":{"rendered":"https:\/\/ferromedica.com.ec\/?post_type=product&#038;p=8625"},"modified":"2024-10-09T01:12:50","modified_gmt":"2024-10-09T01:12:50","slug":"anaquel-alto-puertas-de-vidrio-y-puertas-inferior-de-tol","status":"publish","type":"product","link":"https:\/\/ferromedica.com.ec\/es_mx\/product\/anaquel-alto-puertas-de-vidrio-y-puertas-inferior-de-tol\/","title":{"rendered":"ANAQUEL ALTO PUERTAS DE VIDRIO Y PUERTAS INFERIOR DE TOL"},"content":{"rendered":"<p><b>Dimensiones Generales: <\/b>Altura 1730 mm; ancho 1000 mm; profundidad 360 mm.<\/p>\n<ul>\n<li>Fabricada en l\u00e1mina de acero ASTM A36 espesor 0.70 mm, cuerpo dividido en dos por una repisa fija<\/li>\n<li>Divisiones Internas: Fabricada en l\u00e1mina de acero ASTM A36 espesor 0.70 mm de altura regulable y\/o desmontable.<\/li>\n<li>Puertas: De apertura corrediza sobre rieles<\/li>\n<li>Puertas altas: vidrio claro flotado pulido de 4mm de espesor, ranurado en uno de sus laterales para manipulaci\u00f3n y deslizamiento.<\/li>\n<li>Puertas bajas: Fabricada en l\u00e1mina de acero ASTM A36 espesor 0.70 mm, presentan tiraderas pl\u00e1sticas de 200mm para su manipulaci\u00f3n.<\/li>\n<li>Niveladores: Niveladores de altura en poliamida (nylon) de alta resistencia, antideslizantes y capaces de absorber las desnivelaciones del piso.<\/li>\n<li><\/li>\n<\/ul>\n<p><b>Acabados: <\/b><\/p>\n<p>Uniones: Ensamble realizado mediante proceso de soldadura MIG.<\/p>\n<p>Pintura: Recubrimiento mediante aplicaci\u00f3n de pintura en polvo sistema electrost\u00e1tica.<\/p>","protected":false},"excerpt":{"rendered":"<p>Dimensiones Generales: Altura 1730 mm; ancho 1000 mm; profundidad 360 mm. Fabricada en l\u00e1mina de acero ASTM A36 espesor 0.70 mm, cuerpo dividido en dos por una repisa fija Divisiones Internas: Fabricada en l\u00e1mina de acero ASTM A36 espesor 0.70 mm de altura regulable y\/o desmontable. Puertas: De apertura corrediza sobre rieles Puertas altas: vidrio &hellip; <a href=\"https:\/\/ferromedica.com.ec\/es_mx\/product\/anaquel-alto-puertas-de-vidrio-y-puertas-inferior-de-tol\/\" class=\"more-link\">Continue reading <span class=\"screen-reader-text\">ANAQUEL ALTO PUERTAS DE VIDRIO Y PUERTAS INFERIOR DE TOL<\/span><\/a><\/p>","protected":false},"featured_media":8626,"comment_status":"open","ping_status":"closed","template":"","meta":{"content-type":""},"product_brand":[],"product_cat":[111],"product_tag":[],"class_list":{"0":"post-8625","1":"product","2":"type-product","3":"status-publish","4":"has-post-thumbnail","6":"product_cat-equipos-medicos-basicos","9":"instock","10":"shipping-taxable","11":"purchasable","12":"product-type-simple"},"yoast_head":"<!-- This site is optimized with the Yoast SEO plugin v27.3 - https:\/\/yoast.com\/product\/yoast-seo-wordpress\/ -->\n<title>ANAQUEL ALTO PUERTAS DE VIDRIO Y PUERTAS INFERIOR DE TOL - Ferromedica<\/title>\n<meta name=\"robots\" content=\"index, follow, max-snippet:-1, max-image-preview:large, max-video-preview:-1\" \/>\n<link rel=\"canonical\" href=\"https:\/\/ferromedica.com.ec\/es_mx\/product\/anaquel-alto-puertas-de-vidrio-y-puertas-inferior-de-tol\/\" \/>\n<meta property=\"og:locale\" content=\"es_MX\" \/>\n<meta property=\"og:type\" content=\"article\" \/>\n<meta property=\"og:title\" content=\"ANAQUEL ALTO PUERTAS DE VIDRIO Y PUERTAS INFERIOR DE TOL - Ferromedica\" \/>\n<meta property=\"og:description\" content=\"Dimensiones Generales: Altura 1730 mm; ancho 1000 mm; profundidad 360 mm. Fabricada en l\u00e1mina de acero ASTM A36 espesor 0.70 mm, cuerpo dividido en dos por una repisa fija Divisiones Internas: Fabricada en l\u00e1mina de acero ASTM A36 espesor 0.70 mm de altura regulable y\/o desmontable. Puertas: De apertura corrediza sobre rieles Puertas altas: vidrio &hellip; Continue reading ANAQUEL ALTO PUERTAS DE VIDRIO Y PUERTAS INFERIOR DE TOL\" \/>\n<meta property=\"og:url\" content=\"https:\/\/ferromedica.com.ec\/es_mx\/product\/anaquel-alto-puertas-de-vidrio-y-puertas-inferior-de-tol\/\" \/>\n<meta property=\"og:site_name\" content=\"Ferromedica\" \/>\n<meta property=\"article:modified_time\" content=\"2024-10-09T01:12:50+00:00\" \/>\n<meta property=\"og:image\" content=\"https:\/\/ferromedica.com.ec\/wp-content\/uploads\/2024\/10\/ANAQUEL-TALTO-PUERTAS-DE-VIDRIO-Y-PUERTAS-INFERIOR-DE-TOL.png\" \/>\n\t<meta property=\"og:image:width\" content=\"1080\" \/>\n\t<meta property=\"og:image:height\" content=\"1080\" \/>\n\t<meta property=\"og:image:type\" content=\"image\/png\" \/>\n<meta name=\"twitter:card\" content=\"summary_large_image\" \/>\n<meta name=\"twitter:label1\" content=\"Tiempo de lectura\" \/>\n\t<meta name=\"twitter:data1\" content=\"1 minuto\" \/>\n<script type=\"application\/ld+json\" class=\"yoast-schema-graph\">{\"@context\":\"https:\\\/\\\/schema.org\",\"@graph\":[{\"@type\":\"WebPage\",\"@id\":\"https:\\\/\\\/ferromedica.com.ec\\\/product\\\/anaquel-alto-puertas-de-vidrio-y-puertas-inferior-de-tol\\\/\",\"url\":\"https:\\\/\\\/ferromedica.com.ec\\\/product\\\/anaquel-alto-puertas-de-vidrio-y-puertas-inferior-de-tol\\\/\",\"name\":\"ANAQUEL ALTO PUERTAS DE VIDRIO Y PUERTAS INFERIOR DE TOL - Ferromedica\",\"isPartOf\":{\"@id\":\"https:\\\/\\\/ferromedica.com.ec\\\/#website\"},\"primaryImageOfPage\":{\"@id\":\"https:\\\/\\\/ferromedica.com.ec\\\/product\\\/anaquel-alto-puertas-de-vidrio-y-puertas-inferior-de-tol\\\/#primaryimage\"},\"image\":{\"@id\":\"https:\\\/\\\/ferromedica.com.ec\\\/product\\\/anaquel-alto-puertas-de-vidrio-y-puertas-inferior-de-tol\\\/#primaryimage\"},\"thumbnailUrl\":\"https:\\\/\\\/ferromedica.com.ec\\\/wp-content\\\/uploads\\\/2024\\\/10\\\/ANAQUEL-TALTO-PUERTAS-DE-VIDRIO-Y-PUERTAS-INFERIOR-DE-TOL.png\",\"datePublished\":\"2024-10-09T01:11:34+00:00\",\"dateModified\":\"2024-10-09T01:12:50+00:00\",\"breadcrumb\":{\"@id\":\"https:\\\/\\\/ferromedica.com.ec\\\/product\\\/anaquel-alto-puertas-de-vidrio-y-puertas-inferior-de-tol\\\/#breadcrumb\"},\"inLanguage\":\"es\",\"potentialAction\":[{\"@type\":\"ReadAction\",\"target\":[\"https:\\\/\\\/ferromedica.com.ec\\\/product\\\/anaquel-alto-puertas-de-vidrio-y-puertas-inferior-de-tol\\\/\"]}]},{\"@type\":\"ImageObject\",\"inLanguage\":\"es\",\"@id\":\"https:\\\/\\\/ferromedica.com.ec\\\/product\\\/anaquel-alto-puertas-de-vidrio-y-puertas-inferior-de-tol\\\/#primaryimage\",\"url\":\"https:\\\/\\\/ferromedica.com.ec\\\/wp-content\\\/uploads\\\/2024\\\/10\\\/ANAQUEL-TALTO-PUERTAS-DE-VIDRIO-Y-PUERTAS-INFERIOR-DE-TOL.png\",\"contentUrl\":\"https:\\\/\\\/ferromedica.com.ec\\\/wp-content\\\/uploads\\\/2024\\\/10\\\/ANAQUEL-TALTO-PUERTAS-DE-VIDRIO-Y-PUERTAS-INFERIOR-DE-TOL.png\",\"width\":1080,\"height\":1080},{\"@type\":\"BreadcrumbList\",\"@id\":\"https:\\\/\\\/ferromedica.com.ec\\\/product\\\/anaquel-alto-puertas-de-vidrio-y-puertas-inferior-de-tol\\\/#breadcrumb\",\"itemListElement\":[{\"@type\":\"ListItem\",\"position\":1,\"name\":\"Portada\",\"item\":\"https:\\\/\\\/ferromedica.com.ec\\\/\"},{\"@type\":\"ListItem\",\"position\":2,\"name\":\"Productos\",\"item\":\"https:\\\/\\\/ferromedica.com.ec\\\/productos\\\/\"},{\"@type\":\"ListItem\",\"position\":3,\"name\":\"ANAQUEL ALTO PUERTAS DE VIDRIO Y PUERTAS INFERIOR DE TOL\"}]},{\"@type\":\"WebSite\",\"@id\":\"https:\\\/\\\/ferromedica.com.ec\\\/#website\",\"url\":\"https:\\\/\\\/ferromedica.com.ec\\\/\",\"name\":\"Ferromedica\",\"description\":\"Una Empresa Orgullosamente Ecuatoriana\",\"publisher\":{\"@id\":\"https:\\\/\\\/ferromedica.com.ec\\\/#organization\"},\"potentialAction\":[{\"@type\":\"SearchAction\",\"target\":{\"@type\":\"EntryPoint\",\"urlTemplate\":\"https:\\\/\\\/ferromedica.com.ec\\\/?s={search_term_string}\"},\"query-input\":{\"@type\":\"PropertyValueSpecification\",\"valueRequired\":true,\"valueName\":\"search_term_string\"}}],\"inLanguage\":\"es\"},{\"@type\":\"Organization\",\"@id\":\"https:\\\/\\\/ferromedica.com.ec\\\/#organization\",\"name\":\"Ferromedica\",\"url\":\"https:\\\/\\\/ferromedica.com.ec\\\/\",\"logo\":{\"@type\":\"ImageObject\",\"inLanguage\":\"es\",\"@id\":\"https:\\\/\\\/ferromedica.com.ec\\\/#\\\/schema\\\/logo\\\/image\\\/\",\"url\":\"https:\\\/\\\/ferromedica.com.ec\\\/wp-content\\\/uploads\\\/2024\\\/07\\\/LOGOWEB-02-1.png\",\"contentUrl\":\"https:\\\/\\\/ferromedica.com.ec\\\/wp-content\\\/uploads\\\/2024\\\/07\\\/LOGOWEB-02-1.png\",\"width\":512,\"height\":124,\"caption\":\"Ferromedica\"},\"image\":{\"@id\":\"https:\\\/\\\/ferromedica.com.ec\\\/#\\\/schema\\\/logo\\\/image\\\/\"}}]}<\/script>\n<!-- \/ Yoast SEO plugin. -->","yoast_head_json":{"title":"ANAQUEL ALTO PUERTAS DE VIDRIO Y PUERTAS INFERIOR DE TOL - Ferromedica","robots":{"index":"index","follow":"follow","max-snippet":"max-snippet:-1","max-image-preview":"max-image-preview:large","max-video-preview":"max-video-preview:-1"},"canonical":"https:\/\/ferromedica.com.ec\/es_mx\/product\/anaquel-alto-puertas-de-vidrio-y-puertas-inferior-de-tol\/","og_locale":"es_MX","og_type":"article","og_title":"ANAQUEL ALTO PUERTAS DE VIDRIO Y PUERTAS INFERIOR DE TOL - Ferromedica","og_description":"Dimensiones Generales: Altura 1730 mm; ancho 1000 mm; profundidad 360 mm. Fabricada en l\u00e1mina de acero ASTM A36 espesor 0.70 mm, cuerpo dividido en dos por una repisa fija Divisiones Internas: Fabricada en l\u00e1mina de acero ASTM A36 espesor 0.70 mm de altura regulable y\/o desmontable. Puertas: De apertura corrediza sobre rieles Puertas altas: vidrio &hellip; Continue reading ANAQUEL ALTO PUERTAS DE VIDRIO Y PUERTAS INFERIOR DE TOL","og_url":"https:\/\/ferromedica.com.ec\/es_mx\/product\/anaquel-alto-puertas-de-vidrio-y-puertas-inferior-de-tol\/","og_site_name":"Ferromedica","article_modified_time":"2024-10-09T01:12:50+00:00","og_image":[{"width":1080,"height":1080,"url":"https:\/\/ferromedica.com.ec\/wp-content\/uploads\/2024\/10\/ANAQUEL-TALTO-PUERTAS-DE-VIDRIO-Y-PUERTAS-INFERIOR-DE-TOL.png","type":"image\/png"}],"twitter_card":"summary_large_image","twitter_misc":{"Tiempo de lectura":"1 minuto"},"schema":{"@context":"https:\/\/schema.org","@graph":[{"@type":"WebPage","@id":"https:\/\/ferromedica.com.ec\/product\/anaquel-alto-puertas-de-vidrio-y-puertas-inferior-de-tol\/","url":"https:\/\/ferromedica.com.ec\/product\/anaquel-alto-puertas-de-vidrio-y-puertas-inferior-de-tol\/","name":"ANAQUEL ALTO PUERTAS DE VIDRIO Y PUERTAS INFERIOR DE TOL - Ferromedica","isPartOf":{"@id":"https:\/\/ferromedica.com.ec\/#website"},"primaryImageOfPage":{"@id":"https:\/\/ferromedica.com.ec\/product\/anaquel-alto-puertas-de-vidrio-y-puertas-inferior-de-tol\/#primaryimage"},"image":{"@id":"https:\/\/ferromedica.com.ec\/product\/anaquel-alto-puertas-de-vidrio-y-puertas-inferior-de-tol\/#primaryimage"},"thumbnailUrl":"https:\/\/ferromedica.com.ec\/wp-content\/uploads\/2024\/10\/ANAQUEL-TALTO-PUERTAS-DE-VIDRIO-Y-PUERTAS-INFERIOR-DE-TOL.png","datePublished":"2024-10-09T01:11:34+00:00","dateModified":"2024-10-09T01:12:50+00:00","breadcrumb":{"@id":"https:\/\/ferromedica.com.ec\/product\/anaquel-alto-puertas-de-vidrio-y-puertas-inferior-de-tol\/#breadcrumb"},"inLanguage":"es","potentialAction":[{"@type":"ReadAction","target":["https:\/\/ferromedica.com.ec\/product\/anaquel-alto-puertas-de-vidrio-y-puertas-inferior-de-tol\/"]}]},{"@type":"ImageObject","inLanguage":"es","@id":"https:\/\/ferromedica.com.ec\/product\/anaquel-alto-puertas-de-vidrio-y-puertas-inferior-de-tol\/#primaryimage","url":"https:\/\/ferromedica.com.ec\/wp-content\/uploads\/2024\/10\/ANAQUEL-TALTO-PUERTAS-DE-VIDRIO-Y-PUERTAS-INFERIOR-DE-TOL.png","contentUrl":"https:\/\/ferromedica.com.ec\/wp-content\/uploads\/2024\/10\/ANAQUEL-TALTO-PUERTAS-DE-VIDRIO-Y-PUERTAS-INFERIOR-DE-TOL.png","width":1080,"height":1080},{"@type":"BreadcrumbList","@id":"https:\/\/ferromedica.com.ec\/product\/anaquel-alto-puertas-de-vidrio-y-puertas-inferior-de-tol\/#breadcrumb","itemListElement":[{"@type":"ListItem","position":1,"name":"Portada","item":"https:\/\/ferromedica.com.ec\/"},{"@type":"ListItem","position":2,"name":"Productos","item":"https:\/\/ferromedica.com.ec\/productos\/"},{"@type":"ListItem","position":3,"name":"ANAQUEL ALTO PUERTAS DE VIDRIO Y PUERTAS INFERIOR DE TOL"}]},{"@type":"WebSite","@id":"https:\/\/ferromedica.com.ec\/#website","url":"https:\/\/ferromedica.com.ec\/","name":"Ferromedica","description":"Una Empresa Orgullosamente Ecuatoriana","publisher":{"@id":"https:\/\/ferromedica.com.ec\/#organization"},"potentialAction":[{"@type":"SearchAction","target":{"@type":"EntryPoint","urlTemplate":"https:\/\/ferromedica.com.ec\/?s={search_term_string}"},"query-input":{"@type":"PropertyValueSpecification","valueRequired":true,"valueName":"search_term_string"}}],"inLanguage":"es"},{"@type":"Organization","@id":"https:\/\/ferromedica.com.ec\/#organization","name":"Ferromedica","url":"https:\/\/ferromedica.com.ec\/","logo":{"@type":"ImageObject","inLanguage":"es","@id":"https:\/\/ferromedica.com.ec\/#\/schema\/logo\/image\/","url":"https:\/\/ferromedica.com.ec\/wp-content\/uploads\/2024\/07\/LOGOWEB-02-1.png","contentUrl":"https:\/\/ferromedica.com.ec\/wp-content\/uploads\/2024\/07\/LOGOWEB-02-1.png","width":512,"height":124,"caption":"Ferromedica"},"image":{"@id":"https:\/\/ferromedica.com.ec\/#\/schema\/logo\/image\/"}}]}},"_links":{"self":[{"href":"https:\/\/ferromedica.com.ec\/es_mx\/wp-json\/wp\/v2\/product\/8625","targetHints":{"allow":["GET"]}}],"collection":[{"href":"https:\/\/ferromedica.com.ec\/es_mx\/wp-json\/wp\/v2\/product"}],"about":[{"href":"https:\/\/ferromedica.com.ec\/es_mx\/wp-json\/wp\/v2\/types\/product"}],"replies":[{"embeddable":true,"href":"https:\/\/ferromedica.com.ec\/es_mx\/wp-json\/wp\/v2\/comments?post=8625"}],"version-history":[{"count":1,"href":"https:\/\/ferromedica.com.ec\/es_mx\/wp-json\/wp\/v2\/product\/8625\/revisions"}],"predecessor-version":[{"id":8627,"href":"https:\/\/ferromedica.com.ec\/es_mx\/wp-json\/wp\/v2\/product\/8625\/revisions\/8627"}],"wp:featuredmedia":[{"embeddable":true,"href":"https:\/\/ferromedica.com.ec\/es_mx\/wp-json\/wp\/v2\/media\/8626"}],"wp:attachment":[{"href":"https:\/\/ferromedica.com.ec\/es_mx\/wp-json\/wp\/v2\/media?parent=8625"}],"wp:term":[{"taxonomy":"product_brand","embeddable":true,"href":"https:\/\/ferromedica.com.ec\/es_mx\/wp-json\/wp\/v2\/product_brand?post=8625"},{"taxonomy":"product_cat","embeddable":true,"href":"https:\/\/ferromedica.com.ec\/es_mx\/wp-json\/wp\/v2\/product_cat?post=8625"},{"taxonomy":"product_tag","embeddable":true,"href":"https:\/\/ferromedica.com.ec\/es_mx\/wp-json\/wp\/v2\/product_tag?post=8625"}],"curies":[{"name":"wp","href":"https:\/\/api.w.org\/{rel}","templated":true}]}}