{"id":8642,"date":"2024-10-09T01:22:10","date_gmt":"2024-10-09T01:22:10","guid":{"rendered":"https:\/\/ferromedica.com.ec\/?post_type=product&#038;p=8642"},"modified":"2024-10-09T01:23:14","modified_gmt":"2024-10-09T01:23:14","slug":"chaselong-ginecologico-sin-cajones","status":"publish","type":"product","link":"https:\/\/ferromedica.com.ec\/es_mx\/product\/chaselong-ginecologico-sin-cajones\/","title":{"rendered":"CHASELONG GINECOL\u00d3GICO SIN CAJONES"},"content":{"rendered":"<p><b>Dimensiones: <\/b>Largo 1920 mm; ancho 650 mm; alto 820 mm<\/p>\n<ul>\n<li>Estructura principal: Acero ASTM-A36 &#8211; Tubo \u00d8 1 1\/4 plg (30mm) esp-1,5 mm; Tubo \u00d8 1 plg (25mm) esp-1,5 mm.<\/li>\n<li>Regulaci\u00f3n de cabecera con sistema manual.<\/li>\n<li>Colchoneta fija con esponja de espesor 80 mm de alta densidad, forro tapizado de f\u00e1cil limpieza.<\/li>\n<li><b>Gabinete<\/b>: Tres (3) cajones horizontales, fabricados en l\u00e1mina de acero ASTM A36 espesor 0.70 mm.<\/li>\n<li>Dos (2) porta pierneras ginecol\u00f3gicas regulables para examen.<\/li>\n<li>Una (1) bandeja de acero inoxidable.<\/li>\n<li>Un (1) porta suero de acero inoxidable.<\/li>\n<\/ul>\n<p><b>Accesorios:<\/b> Portasuero inoxidable.<b>\u00a0<\/b><\/p>\n<p><b>Acabados:<\/b><\/p>\n<p>Uniones: Ensamble realizado mediante proceso de soldadura MIG.<\/p>\n<p>Pintura: Recubrimiento mediante aplicaci\u00f3n de pintura en polvo sistema electrost\u00e1tico<\/p>","protected":false},"excerpt":{"rendered":"<p>Dimensiones: Largo 1920 mm; ancho 650 mm; alto 820 mm Estructura principal: Acero ASTM-A36 &#8211; Tubo \u00d8 1 1\/4 plg (30mm) esp-1,5 mm; Tubo \u00d8 1 plg (25mm) esp-1,5 mm. Regulaci\u00f3n de cabecera con sistema manual. Colchoneta fija con esponja de espesor 80 mm de alta densidad, forro tapizado de f\u00e1cil limpieza. Gabinete: Tres (3) &hellip; <a href=\"https:\/\/ferromedica.com.ec\/es_mx\/product\/chaselong-ginecologico-sin-cajones\/\" class=\"more-link\">Continue reading <span class=\"screen-reader-text\">CHASELONG GINECOL\u00d3GICO SIN CAJONES<\/span><\/a><\/p>","protected":false},"featured_media":8643,"comment_status":"open","ping_status":"closed","template":"","meta":{"content-type":""},"product_brand":[],"product_cat":[111],"product_tag":[],"class_list":{"0":"post-8642","1":"product","2":"type-product","3":"status-publish","4":"has-post-thumbnail","6":"product_cat-equipos-medicos-basicos","9":"instock","10":"shipping-taxable","11":"purchasable","12":"product-type-simple"},"yoast_head":"<!-- This site is optimized with the Yoast SEO plugin v27.5 - https:\/\/yoast.com\/product\/yoast-seo-wordpress\/ -->\n<title>CHASELONG GINECOL\u00d3GICO SIN CAJONES - Ferromedica<\/title>\n<meta name=\"robots\" content=\"index, follow, max-snippet:-1, max-image-preview:large, max-video-preview:-1\" \/>\n<link rel=\"canonical\" href=\"https:\/\/ferromedica.com.ec\/es_mx\/product\/chaselong-ginecologico-sin-cajones\/\" \/>\n<meta property=\"og:locale\" content=\"es_MX\" \/>\n<meta property=\"og:type\" content=\"article\" \/>\n<meta property=\"og:title\" content=\"CHASELONG GINECOL\u00d3GICO SIN CAJONES - Ferromedica\" \/>\n<meta property=\"og:description\" content=\"Dimensiones: Largo 1920 mm; ancho 650 mm; alto 820 mm Estructura principal: Acero ASTM-A36 &#8211; Tubo \u00d8 1 1\/4 plg (30mm) esp-1,5 mm; Tubo \u00d8 1 plg (25mm) esp-1,5 mm. Regulaci\u00f3n de cabecera con sistema manual. Colchoneta fija con esponja de espesor 80 mm de alta densidad, forro tapizado de f\u00e1cil limpieza. Gabinete: Tres (3) &hellip; Continue reading CHASELONG GINECOL\u00d3GICO SIN CAJONES\" \/>\n<meta property=\"og:url\" content=\"https:\/\/ferromedica.com.ec\/es_mx\/product\/chaselong-ginecologico-sin-cajones\/\" \/>\n<meta property=\"og:site_name\" content=\"Ferromedica\" \/>\n<meta property=\"article:modified_time\" content=\"2024-10-09T01:23:14+00:00\" \/>\n<meta property=\"og:image\" content=\"https:\/\/ferromedica.com.ec\/wp-content\/uploads\/2024\/10\/CHASELONG-GINECOLOGICO-SIN-CAJONES.png\" \/>\n\t<meta property=\"og:image:width\" content=\"1080\" \/>\n\t<meta property=\"og:image:height\" content=\"1080\" \/>\n\t<meta property=\"og:image:type\" content=\"image\/png\" \/>\n<meta name=\"twitter:card\" content=\"summary_large_image\" \/>\n<meta name=\"twitter:label1\" content=\"Tiempo de lectura\" \/>\n\t<meta name=\"twitter:data1\" content=\"1 minuto\" \/>\n<script type=\"application\/ld+json\" class=\"yoast-schema-graph\">{\"@context\":\"https:\\\/\\\/schema.org\",\"@graph\":[{\"@type\":\"WebPage\",\"@id\":\"https:\\\/\\\/ferromedica.com.ec\\\/product\\\/chaselong-ginecologico-sin-cajones\\\/\",\"url\":\"https:\\\/\\\/ferromedica.com.ec\\\/product\\\/chaselong-ginecologico-sin-cajones\\\/\",\"name\":\"CHASELONG GINECOL\u00d3GICO SIN CAJONES - Ferromedica\",\"isPartOf\":{\"@id\":\"https:\\\/\\\/ferromedica.com.ec\\\/#website\"},\"primaryImageOfPage\":{\"@id\":\"https:\\\/\\\/ferromedica.com.ec\\\/product\\\/chaselong-ginecologico-sin-cajones\\\/#primaryimage\"},\"image\":{\"@id\":\"https:\\\/\\\/ferromedica.com.ec\\\/product\\\/chaselong-ginecologico-sin-cajones\\\/#primaryimage\"},\"thumbnailUrl\":\"https:\\\/\\\/ferromedica.com.ec\\\/wp-content\\\/uploads\\\/2024\\\/10\\\/CHASELONG-GINECOLOGICO-SIN-CAJONES.png\",\"datePublished\":\"2024-10-09T01:22:10+00:00\",\"dateModified\":\"2024-10-09T01:23:14+00:00\",\"breadcrumb\":{\"@id\":\"https:\\\/\\\/ferromedica.com.ec\\\/product\\\/chaselong-ginecologico-sin-cajones\\\/#breadcrumb\"},\"inLanguage\":\"es\",\"potentialAction\":[{\"@type\":\"ReadAction\",\"target\":[\"https:\\\/\\\/ferromedica.com.ec\\\/product\\\/chaselong-ginecologico-sin-cajones\\\/\"]}]},{\"@type\":\"ImageObject\",\"inLanguage\":\"es\",\"@id\":\"https:\\\/\\\/ferromedica.com.ec\\\/product\\\/chaselong-ginecologico-sin-cajones\\\/#primaryimage\",\"url\":\"https:\\\/\\\/ferromedica.com.ec\\\/wp-content\\\/uploads\\\/2024\\\/10\\\/CHASELONG-GINECOLOGICO-SIN-CAJONES.png\",\"contentUrl\":\"https:\\\/\\\/ferromedica.com.ec\\\/wp-content\\\/uploads\\\/2024\\\/10\\\/CHASELONG-GINECOLOGICO-SIN-CAJONES.png\",\"width\":1080,\"height\":1080},{\"@type\":\"BreadcrumbList\",\"@id\":\"https:\\\/\\\/ferromedica.com.ec\\\/product\\\/chaselong-ginecologico-sin-cajones\\\/#breadcrumb\",\"itemListElement\":[{\"@type\":\"ListItem\",\"position\":1,\"name\":\"Portada\",\"item\":\"https:\\\/\\\/ferromedica.com.ec\\\/\"},{\"@type\":\"ListItem\",\"position\":2,\"name\":\"Productos\",\"item\":\"https:\\\/\\\/ferromedica.com.ec\\\/productos\\\/\"},{\"@type\":\"ListItem\",\"position\":3,\"name\":\"CHASELONG GINECOL\u00d3GICO SIN CAJONES\"}]},{\"@type\":\"WebSite\",\"@id\":\"https:\\\/\\\/ferromedica.com.ec\\\/#website\",\"url\":\"https:\\\/\\\/ferromedica.com.ec\\\/\",\"name\":\"Ferromedica\",\"description\":\"Una Empresa Orgullosamente Ecuatoriana\",\"publisher\":{\"@id\":\"https:\\\/\\\/ferromedica.com.ec\\\/#organization\"},\"potentialAction\":[{\"@type\":\"SearchAction\",\"target\":{\"@type\":\"EntryPoint\",\"urlTemplate\":\"https:\\\/\\\/ferromedica.com.ec\\\/?s={search_term_string}\"},\"query-input\":{\"@type\":\"PropertyValueSpecification\",\"valueRequired\":true,\"valueName\":\"search_term_string\"}}],\"inLanguage\":\"es\"},{\"@type\":\"Organization\",\"@id\":\"https:\\\/\\\/ferromedica.com.ec\\\/#organization\",\"name\":\"Ferromedica\",\"url\":\"https:\\\/\\\/ferromedica.com.ec\\\/\",\"logo\":{\"@type\":\"ImageObject\",\"inLanguage\":\"es\",\"@id\":\"https:\\\/\\\/ferromedica.com.ec\\\/#\\\/schema\\\/logo\\\/image\\\/\",\"url\":\"https:\\\/\\\/ferromedica.com.ec\\\/wp-content\\\/uploads\\\/2024\\\/07\\\/LOGOWEB-02-1.png\",\"contentUrl\":\"https:\\\/\\\/ferromedica.com.ec\\\/wp-content\\\/uploads\\\/2024\\\/07\\\/LOGOWEB-02-1.png\",\"width\":512,\"height\":124,\"caption\":\"Ferromedica\"},\"image\":{\"@id\":\"https:\\\/\\\/ferromedica.com.ec\\\/#\\\/schema\\\/logo\\\/image\\\/\"}}]}<\/script>\n<!-- \/ Yoast SEO plugin. -->","yoast_head_json":{"title":"CHASELONG GINECOL\u00d3GICO SIN CAJONES - Ferromedica","robots":{"index":"index","follow":"follow","max-snippet":"max-snippet:-1","max-image-preview":"max-image-preview:large","max-video-preview":"max-video-preview:-1"},"canonical":"https:\/\/ferromedica.com.ec\/es_mx\/product\/chaselong-ginecologico-sin-cajones\/","og_locale":"es_MX","og_type":"article","og_title":"CHASELONG GINECOL\u00d3GICO SIN CAJONES - Ferromedica","og_description":"Dimensiones: Largo 1920 mm; ancho 650 mm; alto 820 mm Estructura principal: Acero ASTM-A36 &#8211; Tubo \u00d8 1 1\/4 plg (30mm) esp-1,5 mm; Tubo \u00d8 1 plg (25mm) esp-1,5 mm. Regulaci\u00f3n de cabecera con sistema manual. Colchoneta fija con esponja de espesor 80 mm de alta densidad, forro tapizado de f\u00e1cil limpieza. Gabinete: Tres (3) &hellip; Continue reading CHASELONG GINECOL\u00d3GICO SIN CAJONES","og_url":"https:\/\/ferromedica.com.ec\/es_mx\/product\/chaselong-ginecologico-sin-cajones\/","og_site_name":"Ferromedica","article_modified_time":"2024-10-09T01:23:14+00:00","og_image":[{"width":1080,"height":1080,"url":"https:\/\/ferromedica.com.ec\/wp-content\/uploads\/2024\/10\/CHASELONG-GINECOLOGICO-SIN-CAJONES.png","type":"image\/png"}],"twitter_card":"summary_large_image","twitter_misc":{"Tiempo de lectura":"1 minuto"},"schema":{"@context":"https:\/\/schema.org","@graph":[{"@type":"WebPage","@id":"https:\/\/ferromedica.com.ec\/product\/chaselong-ginecologico-sin-cajones\/","url":"https:\/\/ferromedica.com.ec\/product\/chaselong-ginecologico-sin-cajones\/","name":"CHASELONG GINECOL\u00d3GICO SIN CAJONES - Ferromedica","isPartOf":{"@id":"https:\/\/ferromedica.com.ec\/#website"},"primaryImageOfPage":{"@id":"https:\/\/ferromedica.com.ec\/product\/chaselong-ginecologico-sin-cajones\/#primaryimage"},"image":{"@id":"https:\/\/ferromedica.com.ec\/product\/chaselong-ginecologico-sin-cajones\/#primaryimage"},"thumbnailUrl":"https:\/\/ferromedica.com.ec\/wp-content\/uploads\/2024\/10\/CHASELONG-GINECOLOGICO-SIN-CAJONES.png","datePublished":"2024-10-09T01:22:10+00:00","dateModified":"2024-10-09T01:23:14+00:00","breadcrumb":{"@id":"https:\/\/ferromedica.com.ec\/product\/chaselong-ginecologico-sin-cajones\/#breadcrumb"},"inLanguage":"es","potentialAction":[{"@type":"ReadAction","target":["https:\/\/ferromedica.com.ec\/product\/chaselong-ginecologico-sin-cajones\/"]}]},{"@type":"ImageObject","inLanguage":"es","@id":"https:\/\/ferromedica.com.ec\/product\/chaselong-ginecologico-sin-cajones\/#primaryimage","url":"https:\/\/ferromedica.com.ec\/wp-content\/uploads\/2024\/10\/CHASELONG-GINECOLOGICO-SIN-CAJONES.png","contentUrl":"https:\/\/ferromedica.com.ec\/wp-content\/uploads\/2024\/10\/CHASELONG-GINECOLOGICO-SIN-CAJONES.png","width":1080,"height":1080},{"@type":"BreadcrumbList","@id":"https:\/\/ferromedica.com.ec\/product\/chaselong-ginecologico-sin-cajones\/#breadcrumb","itemListElement":[{"@type":"ListItem","position":1,"name":"Portada","item":"https:\/\/ferromedica.com.ec\/"},{"@type":"ListItem","position":2,"name":"Productos","item":"https:\/\/ferromedica.com.ec\/productos\/"},{"@type":"ListItem","position":3,"name":"CHASELONG GINECOL\u00d3GICO SIN CAJONES"}]},{"@type":"WebSite","@id":"https:\/\/ferromedica.com.ec\/#website","url":"https:\/\/ferromedica.com.ec\/","name":"Ferromedica","description":"Una Empresa Orgullosamente Ecuatoriana","publisher":{"@id":"https:\/\/ferromedica.com.ec\/#organization"},"potentialAction":[{"@type":"SearchAction","target":{"@type":"EntryPoint","urlTemplate":"https:\/\/ferromedica.com.ec\/?s={search_term_string}"},"query-input":{"@type":"PropertyValueSpecification","valueRequired":true,"valueName":"search_term_string"}}],"inLanguage":"es"},{"@type":"Organization","@id":"https:\/\/ferromedica.com.ec\/#organization","name":"Ferromedica","url":"https:\/\/ferromedica.com.ec\/","logo":{"@type":"ImageObject","inLanguage":"es","@id":"https:\/\/ferromedica.com.ec\/#\/schema\/logo\/image\/","url":"https:\/\/ferromedica.com.ec\/wp-content\/uploads\/2024\/07\/LOGOWEB-02-1.png","contentUrl":"https:\/\/ferromedica.com.ec\/wp-content\/uploads\/2024\/07\/LOGOWEB-02-1.png","width":512,"height":124,"caption":"Ferromedica"},"image":{"@id":"https:\/\/ferromedica.com.ec\/#\/schema\/logo\/image\/"}}]}},"_links":{"self":[{"href":"https:\/\/ferromedica.com.ec\/es_mx\/wp-json\/wp\/v2\/product\/8642","targetHints":{"allow":["GET"]}}],"collection":[{"href":"https:\/\/ferromedica.com.ec\/es_mx\/wp-json\/wp\/v2\/product"}],"about":[{"href":"https:\/\/ferromedica.com.ec\/es_mx\/wp-json\/wp\/v2\/types\/product"}],"replies":[{"embeddable":true,"href":"https:\/\/ferromedica.com.ec\/es_mx\/wp-json\/wp\/v2\/comments?post=8642"}],"version-history":[{"count":1,"href":"https:\/\/ferromedica.com.ec\/es_mx\/wp-json\/wp\/v2\/product\/8642\/revisions"}],"predecessor-version":[{"id":8644,"href":"https:\/\/ferromedica.com.ec\/es_mx\/wp-json\/wp\/v2\/product\/8642\/revisions\/8644"}],"wp:featuredmedia":[{"embeddable":true,"href":"https:\/\/ferromedica.com.ec\/es_mx\/wp-json\/wp\/v2\/media\/8643"}],"wp:attachment":[{"href":"https:\/\/ferromedica.com.ec\/es_mx\/wp-json\/wp\/v2\/media?parent=8642"}],"wp:term":[{"taxonomy":"product_brand","embeddable":true,"href":"https:\/\/ferromedica.com.ec\/es_mx\/wp-json\/wp\/v2\/product_brand?post=8642"},{"taxonomy":"product_cat","embeddable":true,"href":"https:\/\/ferromedica.com.ec\/es_mx\/wp-json\/wp\/v2\/product_cat?post=8642"},{"taxonomy":"product_tag","embeddable":true,"href":"https:\/\/ferromedica.com.ec\/es_mx\/wp-json\/wp\/v2\/product_tag?post=8642"}],"curies":[{"name":"wp","href":"https:\/\/api.w.org\/{rel}","templated":true}]}}